{"id":3652,"date":"2021-01-14T05:42:33","date_gmt":"2021-01-14T05:42:33","guid":{"rendered":"http:\/\/mdvendangeurs.com\/promo\/"},"modified":"2025-03-14T18:29:47","modified_gmt":"2025-03-14T18:29:47","slug":"promo","status":"publish","type":"page","link":"https:\/\/mdvendangeurs.com\/es\/promo\/","title":{"rendered":"PROMOTIONS"},"content":{"rendered":"<div class=\"wpb-content-wrapper\"><p>[vc_row full_height=\u00bbyes\u00bb columns_placement=\u00bbtop\u00bb content_placement=\u00bbtop\u00bb][vc_column][vc_empty_space height=\u00bb15vh\u00bb el_class=\u00bbvc_hidden-xs\u00bb][vc_empty_space height=\u00bb3vh\u00bb el_class=\u00bbvc_hidden-lg vc_hidden-md vc_hidden-sm\u00bb][vc_empty_space height=\u00bb7vh\u00bb el_class=\u00bbvc_hidden-xs\u00bb][vc_empty_space height=\u00bb5vh\u00bb el_class=\u00bbvc_hidden-lg vc_hidden-md vc_hidden-sm\u00bb]<div class=\"mkdf-elements-holder   mkdf-two-columns  mkdf-responsive-mode-1024 mkdf-one-column-alignment-center\" ><div class=\"mkdf-eh-item   mkdf-horizontal-alignment-center \"  data-item-class=\"mkdf-eh-custom-8185\" data-1280-1600=\"0 50px 0\" data-768-1024=\"0 8% 120px\" data-680-768=\"0 8% 120px\" data-680=\"0px 0px 0px 0px\">\n\t<div class=\"mkdf-eh-item-inner\">\n\t\t<div class=\"mkdf-eh-item-content mkdf-eh-custom-8185\" style=\"padding: 0 50px\">\n\t\t\t[vc_single_image image=\u00bb3647&#8243; img_size=\u00bbfull\u00bb alignment=\u00bbright\u00bb css_animation=\u00bbnone\u00bb]\t\t<\/div>\n\t<\/div>\n<\/div><div class=\"mkdf-eh-item    \"  data-item-class=\"mkdf-eh-custom-6742\" data-1280-1600=\"0 16% 0 0\" data-1024-1280=\"0 11% 0 0\" data-768-1024=\"0 18% 100px 10%\" data-680-768=\"0 10% 0px\" data-680=\"15px 0px 0px 0px\">\n\t<div class=\"mkdf-eh-item-inner\">\n\t\t<div class=\"mkdf-eh-item-content mkdf-eh-custom-6742\" style=\"padding: 0 36% 0 0\">\n\t\t\t<h2 class=\"mkdf-custom-font-holder  mkdf-cf-1053  \" style=\"font-size: 45px;line-height: 53px;font-style: normal;color: #ffffff\" data-item-class=\"mkdf-cf-1053\">\n\tMDV3x2<\/h2><h2 class=\"mkdf-custom-font-holder  mkdf-cf-9896  \" style=\"font-family: Old Standard TT;font-size: 22px;line-height: 32px;font-style: italic;color: #ffffff\" data-item-class=\"mkdf-cf-9896\">\n\tPromoci\u00f3n Oto\u00f1o\/Invierno<\/h2><h2 class=\"mkdf-custom-font-holder  mkdf-cf-7286  \" style=\"font-family: Montserrat;font-size: 16px;line-height: 30px;font-weight: 400;color: #7b7b7b;margin: 0 0 0 0\" data-item-class=\"mkdf-cf-7286\">\n\tObtenga 1 noche GRATIS por cada 2 noches pagadas (\u00a1la oferta se acumula!). Elija sus fechas para ver nuestra incre\u00edble oferta. V\u00e1lido para las estad\u00edas entre el 15 de septiembre de 2024 y el 31 de marzo de 2025. Exclusivo en nuestra web.<\/h2><a itemprop=\"url\" href=\"\/book\/\" target=\"_self\" style=\"color: #FFFFFF;font-size: 15px;font-weight: 600;text-transform: none;margin: 25px 0px 0px 0px\" class=\"mkdf-btn mkdf-btn-medium mkdf-btn-solid mkdf-btn-custom-hover-color mkdf-btn-icon\" data-hover-color=\"#BF9410\" >\n    <span class=\"mkdf-btn-text\">Disponibilit\u00e9<\/span>\n    <i class=\"mkdf-icon-font-awesome fa fa-calendar \" ><\/i><\/a>\t\t<\/div>\n\t<\/div>\n<\/div><\/div>[vc_empty_space height=\u00bb0px\u00bb][\/vc_column][\/vc_row]<\/p>\n<\/div>","protected":false},"excerpt":{"rendered":"<p>[vc_row full_height=\u00bbyes\u00bb columns_placement=\u00bbtop\u00bb content_placement=\u00bbtop\u00bb][vc_column][vc_empty_space height=\u00bb15vh\u00bb el_class=\u00bbvc_hidden-xs\u00bb][vc_empty_space height=\u00bb3vh\u00bb el_class=\u00bbvc_hidden-lg vc_hidden-md vc_hidden-sm\u00bb][vc_empty_space height=\u00bb7vh\u00bb el_class=\u00bbvc_hidden-xs\u00bb][vc_empty_space height=\u00bb5vh\u00bb el_class=\u00bbvc_hidden-lg vc_hidden-md vc_hidden-sm\u00bb][vc_empty_space height=\u00bb0px\u00bb][\/vc_column][\/vc_row]<\/p>\n","protected":false},"author":1,"featured_media":0,"parent":0,"menu_order":0,"comment_status":"closed","ping_status":"closed","template":"","meta":{"footnotes":""},"class_list":["post-3652","page","type-page","status-publish","hentry"],"yoast_head":"<!-- This site is optimized with the Yoast SEO Premium plugin v24.6 (Yoast SEO v27.4) - https:\/\/yoast.com\/product\/yoast-seo-premium-wordpress\/ -->\n<title>La Maison des Vendangeurs -<\/title>\n<meta name=\"robots\" content=\"index, follow, max-snippet:-1, max-image-preview:large, max-video-preview:-1\" \/>\n<link rel=\"canonical\" href=\"https:\/\/mdvendangeurs.com\/promo\/\" \/>\n<meta property=\"og:locale\" content=\"es_ES\" \/>\n<meta property=\"og:type\" content=\"article\" \/>\n<meta property=\"og:title\" content=\"PROMOTIONS\" \/>\n<meta property=\"og:description\" content=\"[vc_row full_height=\u00bbyes\u00bb columns_placement=\u00bbtop\u00bb content_placement=\u00bbtop\u00bb][vc_column][vc_empty_space height=\u00bb15vh\u00bb el_class=\u00bbvc_hidden-xs\u00bb][vc_empty_space height=\u00bb3vh\u00bb el_class=\u00bbvc_hidden-lg vc_hidden-md vc_hidden-sm\u00bb][vc_empty_space height=\u00bb7vh\u00bb el_class=\u00bbvc_hidden-xs\u00bb][vc_empty_space height=\u00bb5vh\u00bb el_class=\u00bbvc_hidden-lg vc_hidden-md vc_hidden-sm\u00bb][vc_empty_space height=\u00bb0px\u00bb][\/vc_column][\/vc_row]\" \/>\n<meta property=\"og:url\" content=\"https:\/\/mdvendangeurs.com\/promo\/\" \/>\n<meta property=\"og:site_name\" content=\"La Maison des Vendangeurs\" \/>\n<meta property=\"article:publisher\" content=\"https:\/\/www.facebook.com\/mdvendangeurs\/\" \/>\n<meta property=\"article:modified_time\" content=\"2025-03-14T18:29:47+00:00\" \/>\n<meta name=\"twitter:card\" content=\"summary_large_image\" \/>\n<meta name=\"twitter:label1\" content=\"Tiempo de lectura\" \/>\n\t<meta name=\"twitter:data1\" content=\"1 minuto\" \/>\n<script type=\"application\/ld+json\" class=\"yoast-schema-graph\">{\"@context\":\"https:\\\/\\\/schema.org\",\"@graph\":[{\"@type\":\"WebPage\",\"@id\":\"https:\\\/\\\/mdvendangeurs.com\\\/promo\\\/\",\"url\":\"https:\\\/\\\/mdvendangeurs.com\\\/promo\\\/\",\"name\":\"La Maison des Vendangeurs -\",\"isPartOf\":{\"@id\":\"https:\\\/\\\/www.mdvendangeurs.com\\\/#website\"},\"datePublished\":\"2021-01-14T05:42:33+00:00\",\"dateModified\":\"2025-03-14T18:29:47+00:00\",\"breadcrumb\":{\"@id\":\"https:\\\/\\\/mdvendangeurs.com\\\/promo\\\/#breadcrumb\"},\"inLanguage\":\"es\",\"potentialAction\":[{\"@type\":\"ReadAction\",\"target\":[\"https:\\\/\\\/mdvendangeurs.com\\\/promo\\\/\"]}]},{\"@type\":\"BreadcrumbList\",\"@id\":\"https:\\\/\\\/mdvendangeurs.com\\\/promo\\\/#breadcrumb\",\"itemListElement\":[{\"@type\":\"ListItem\",\"position\":1,\"name\":\"Home\",\"item\":\"https:\\\/\\\/mdvendangeurs.com\\\/\"},{\"@type\":\"ListItem\",\"position\":2,\"name\":\"PROMOTIONS\"}]},{\"@type\":\"WebSite\",\"@id\":\"https:\\\/\\\/www.mdvendangeurs.com\\\/#website\",\"url\":\"https:\\\/\\\/www.mdvendangeurs.com\\\/\",\"name\":\"La Maison des Vendangeurs\",\"description\":\"Vacation Rentals\",\"publisher\":{\"@id\":\"https:\\\/\\\/www.mdvendangeurs.com\\\/#organization\"},\"potentialAction\":[{\"@type\":\"SearchAction\",\"target\":{\"@type\":\"EntryPoint\",\"urlTemplate\":\"https:\\\/\\\/www.mdvendangeurs.com\\\/?s={search_term_string}\"},\"query-input\":{\"@type\":\"PropertyValueSpecification\",\"valueRequired\":true,\"valueName\":\"search_term_string\"}}],\"inLanguage\":\"es\"},{\"@type\":\"Organization\",\"@id\":\"https:\\\/\\\/www.mdvendangeurs.com\\\/#organization\",\"name\":\"La Maison des Vendangeurs\",\"url\":\"https:\\\/\\\/www.mdvendangeurs.com\\\/\",\"logo\":{\"@type\":\"ImageObject\",\"inLanguage\":\"es\",\"@id\":\"https:\\\/\\\/www.mdvendangeurs.com\\\/#\\\/schema\\\/logo\\\/image\\\/\",\"url\":\"http:\\\/\\\/mdvendangeurs.com\\\/wp-content\\\/uploads\\\/yoast-logo.jpg\",\"contentUrl\":\"http:\\\/\\\/mdvendangeurs.com\\\/wp-content\\\/uploads\\\/yoast-logo.jpg\",\"width\":1000,\"height\":1000,\"caption\":\"La Maison des Vendangeurs\"},\"image\":{\"@id\":\"https:\\\/\\\/www.mdvendangeurs.com\\\/#\\\/schema\\\/logo\\\/image\\\/\"},\"sameAs\":[\"https:\\\/\\\/www.facebook.com\\\/mdvendangeurs\\\/\",\"https:\\\/\\\/www.instagram.com\\\/mdvendangeurs\\\/\"]}]}<\/script>\n<!-- \/ Yoast SEO Premium plugin. -->","yoast_head_json":{"title":"La Maison des Vendangeurs -","robots":{"index":"index","follow":"follow","max-snippet":"max-snippet:-1","max-image-preview":"max-image-preview:large","max-video-preview":"max-video-preview:-1"},"canonical":"https:\/\/mdvendangeurs.com\/promo\/","og_locale":"es_ES","og_type":"article","og_title":"PROMOTIONS","og_description":"[vc_row full_height=\u00bbyes\u00bb columns_placement=\u00bbtop\u00bb content_placement=\u00bbtop\u00bb][vc_column][vc_empty_space height=\u00bb15vh\u00bb el_class=\u00bbvc_hidden-xs\u00bb][vc_empty_space height=\u00bb3vh\u00bb el_class=\u00bbvc_hidden-lg vc_hidden-md vc_hidden-sm\u00bb][vc_empty_space height=\u00bb7vh\u00bb el_class=\u00bbvc_hidden-xs\u00bb][vc_empty_space height=\u00bb5vh\u00bb el_class=\u00bbvc_hidden-lg vc_hidden-md vc_hidden-sm\u00bb][vc_empty_space height=\u00bb0px\u00bb][\/vc_column][\/vc_row]","og_url":"https:\/\/mdvendangeurs.com\/promo\/","og_site_name":"La Maison des Vendangeurs","article_publisher":"https:\/\/www.facebook.com\/mdvendangeurs\/","article_modified_time":"2025-03-14T18:29:47+00:00","twitter_card":"summary_large_image","twitter_misc":{"Tiempo de lectura":"1 minuto"},"schema":{"@context":"https:\/\/schema.org","@graph":[{"@type":"WebPage","@id":"https:\/\/mdvendangeurs.com\/promo\/","url":"https:\/\/mdvendangeurs.com\/promo\/","name":"La Maison des Vendangeurs -","isPartOf":{"@id":"https:\/\/www.mdvendangeurs.com\/#website"},"datePublished":"2021-01-14T05:42:33+00:00","dateModified":"2025-03-14T18:29:47+00:00","breadcrumb":{"@id":"https:\/\/mdvendangeurs.com\/promo\/#breadcrumb"},"inLanguage":"es","potentialAction":[{"@type":"ReadAction","target":["https:\/\/mdvendangeurs.com\/promo\/"]}]},{"@type":"BreadcrumbList","@id":"https:\/\/mdvendangeurs.com\/promo\/#breadcrumb","itemListElement":[{"@type":"ListItem","position":1,"name":"Home","item":"https:\/\/mdvendangeurs.com\/"},{"@type":"ListItem","position":2,"name":"PROMOTIONS"}]},{"@type":"WebSite","@id":"https:\/\/www.mdvendangeurs.com\/#website","url":"https:\/\/www.mdvendangeurs.com\/","name":"La Maison des Vendangeurs","description":"Vacation Rentals","publisher":{"@id":"https:\/\/www.mdvendangeurs.com\/#organization"},"potentialAction":[{"@type":"SearchAction","target":{"@type":"EntryPoint","urlTemplate":"https:\/\/www.mdvendangeurs.com\/?s={search_term_string}"},"query-input":{"@type":"PropertyValueSpecification","valueRequired":true,"valueName":"search_term_string"}}],"inLanguage":"es"},{"@type":"Organization","@id":"https:\/\/www.mdvendangeurs.com\/#organization","name":"La Maison des Vendangeurs","url":"https:\/\/www.mdvendangeurs.com\/","logo":{"@type":"ImageObject","inLanguage":"es","@id":"https:\/\/www.mdvendangeurs.com\/#\/schema\/logo\/image\/","url":"http:\/\/mdvendangeurs.com\/wp-content\/uploads\/yoast-logo.jpg","contentUrl":"http:\/\/mdvendangeurs.com\/wp-content\/uploads\/yoast-logo.jpg","width":1000,"height":1000,"caption":"La Maison des Vendangeurs"},"image":{"@id":"https:\/\/www.mdvendangeurs.com\/#\/schema\/logo\/image\/"},"sameAs":["https:\/\/www.facebook.com\/mdvendangeurs\/","https:\/\/www.instagram.com\/mdvendangeurs\/"]}]}},"_links":{"self":[{"href":"https:\/\/mdvendangeurs.com\/es\/wp-json\/wp\/v2\/pages\/3652","targetHints":{"allow":["GET"]}}],"collection":[{"href":"https:\/\/mdvendangeurs.com\/es\/wp-json\/wp\/v2\/pages"}],"about":[{"href":"https:\/\/mdvendangeurs.com\/es\/wp-json\/wp\/v2\/types\/page"}],"author":[{"embeddable":true,"href":"https:\/\/mdvendangeurs.com\/es\/wp-json\/wp\/v2\/users\/1"}],"replies":[{"embeddable":true,"href":"https:\/\/mdvendangeurs.com\/es\/wp-json\/wp\/v2\/comments?post=3652"}],"version-history":[{"count":4,"href":"https:\/\/mdvendangeurs.com\/es\/wp-json\/wp\/v2\/pages\/3652\/revisions"}],"predecessor-version":[{"id":4340,"href":"https:\/\/mdvendangeurs.com\/es\/wp-json\/wp\/v2\/pages\/3652\/revisions\/4340"}],"wp:attachment":[{"href":"https:\/\/mdvendangeurs.com\/es\/wp-json\/wp\/v2\/media?parent=3652"}],"curies":[{"name":"wp","href":"https:\/\/api.w.org\/{rel}","templated":true}]}}