{"id":897,"date":"2018-10-26T13:32:39","date_gmt":"2018-10-26T13:32:39","guid":{"rendered":"https:\/\/mdv\/?page_id=897"},"modified":"2025-06-12T03:28:06","modified_gmt":"2025-06-12T03:28:06","slug":"contact","status":"publish","type":"page","link":"https:\/\/mdvendangeurs.com\/en\/contact\/","title":{"rendered":"CONTACT"},"content":{"rendered":"<div class=\"wpb-content-wrapper\"><p>[vc_row][vc_column][vc_empty_space height=&#8221;20px&#8221;][\/vc_column][\/vc_row][vc_row row_content_width=&#8221;grid&#8221; content_text_aligment=&#8221;center&#8221; el_class=&#8221;vc_hidden-xs&#8221;][vc_column][vc_empty_space height=&#8221;70px&#8221;]<div class=\"mkdf-section-title-holder  mkdf-st-standard mkdf-st-title-left mkdf-st-normal-space \" style=\"text-align: center\">\n\t<div class=\"mkdf-st-inner\">\n        \t\t\t\t\t<h2 class=\"mkdf-st-title\" >\n\t\t\t\tGet in Touch!\t\t\t<\/h2>\n\t\t        \t\t\t<\/div>\n<\/div>[\/vc_column][\/vc_row][vc_row row_content_width=&#8221;grid&#8221; content_text_aligment=&#8221;center&#8221; el_class=&#8221;vc_hidden-lg vc_hidden-md vc_hidden-sm&#8221;][vc_column]<div class=\"mkdf-section-title-holder  mkdf-st-standard mkdf-st-title-left mkdf-st-normal-space \" style=\"text-align: center\">\n\t<div class=\"mkdf-st-inner\">\n        \t\t\t\t\t<h3 class=\"mkdf-st-title\" >\n\t\t\t\t<span class=\"mkdf-st-title-light\">Get<\/span> <span class=\"mkdf-st-title-light\">in<\/span> <span class=\"mkdf-st-title-light\">Touch!<\/span>\t\t\t<\/h3>\n\t\t        \t\t\t<\/div>\n<\/div>[\/vc_column][\/vc_row][vc_row][vc_column offset=&#8221;vc_hidden-xs&#8221;][vc_empty_space height=&#8221;50px&#8221;][\/vc_column][\/vc_row][vc_row row_content_width=&#8221;grid&#8221; content_text_aligment=&#8221;left&#8221;][vc_column offset=&#8221;vc_col-lg-6&#8243;]<div class=\"mkdf-elements-holder   mkdf-one-column  mkdf-responsive-mode-768 \" ><div class=\"mkdf-eh-item    \"  data-item-class=\"mkdf-eh-custom-7602\">\n\t<div class=\"mkdf-eh-item-inner\">\n\t\t<div class=\"mkdf-eh-item-content mkdf-eh-custom-7602\" >\n\t\t\t[vc_empty_space height=&#8221;24px&#8221;]\n<div class=\"wpcf7 no-js\" id=\"wpcf7-f1093-o1\" lang=\"en-US\" dir=\"ltr\" data-wpcf7-id=\"1093\">\n<div class=\"screen-reader-response\"><p role=\"status\" aria-live=\"polite\" aria-atomic=\"true\"><\/p> <ul><\/ul><\/div>\n<form action=\"\/en\/wp-json\/wp\/v2\/pages\/897#wpcf7-f1093-o1\" method=\"post\" class=\"wpcf7-form init cf7_custom_style_1\" aria-label=\"Contact form\" novalidate=\"novalidate\" data-status=\"init\">\n<fieldset class=\"hidden-fields-container\"><input type=\"hidden\" name=\"_wpcf7\" value=\"1093\" \/><input type=\"hidden\" name=\"_wpcf7_version\" value=\"6.1.3\" \/><input type=\"hidden\" name=\"_wpcf7_locale\" value=\"en_US\" \/><input type=\"hidden\" name=\"_wpcf7_unit_tag\" value=\"wpcf7-f1093-o1\" \/><input type=\"hidden\" name=\"_wpcf7_container_post\" value=\"0\" \/><input type=\"hidden\" name=\"_wpcf7_posted_data_hash\" value=\"\" \/>\n<\/fieldset>\n<center>\n\t<p class=\"wpcf7-inline-field\"><span class=\"wpcf7-form-control-wrap\" data-name=\"your-name\"><input size=\"40\" maxlength=\"400\" class=\"wpcf7-form-control wpcf7-text wpcf7-validates-as-required form-fluid form-xl\" aria-required=\"true\" aria-invalid=\"false\" placeholder=\"Name *\" value=\"\" type=\"text\" name=\"your-name\" \/><\/span>\n\t<\/p>\n\t<p class=\"wpcf7-inline-field\"><span class=\"wpcf7-form-control-wrap\" data-name=\"your-email\"><input size=\"40\" maxlength=\"400\" class=\"wpcf7-form-control wpcf7-email wpcf7-validates-as-required wpcf7-text wpcf7-validates-as-email form-fluid form-xl\" aria-required=\"true\" aria-invalid=\"false\" placeholder=\"Email *\" value=\"\" type=\"email\" name=\"your-email\" \/><\/span>\n\t<\/p>\n\t<p><span class=\"wpcf7-form-control-wrap\" data-name=\"comment\"><textarea cols=\"40\" rows=\"10\" maxlength=\"2000\" class=\"wpcf7-form-control wpcf7-textarea wpcf7-validates-as-required form-xl\" aria-required=\"true\" aria-invalid=\"false\" placeholder=\"Please let us know the dates you are looking at!\" name=\"comment\"><\/textarea><\/span>\n\t<\/p>\n\t<p><span id=\"wpcf7-69e1c60b9cfa1-wrapper\" class=\"wpcf7-form-control-wrap email-wrap\" style=\"display:none !important; visibility:hidden !important;\"><label for=\"wpcf7-69e1c60b9cfa1-field\" class=\"hp-message\">Please leave this field empty.<\/label><input id=\"wpcf7-69e1c60b9cfa1-field\"  class=\"wpcf7-form-control wpcf7-text\" type=\"text\" name=\"email\" value=\"\" size=\"40\" tabindex=\"-1\" autocomplete=\"new-password\" \/><\/span><br \/>\n\t<input class=\"wpcf7-form-control wpcf7-hidden\" value=\"English\" type=\"hidden\" name=\"language\" \/><br \/>\n<input class=\"wpcf7-form-control wpcf7-submit has-spinner btn btn-accent\" type=\"submit\" value=\"Send\" \/>\n\t<\/p>\n<\/center><p style=\"display: none !important;\" class=\"akismet-fields-container\" data-prefix=\"_wpcf7_ak_\"><label>&#916;<textarea name=\"_wpcf7_ak_hp_textarea\" cols=\"45\" rows=\"8\" maxlength=\"100\"><\/textarea><\/label><input type=\"hidden\" id=\"ak_js_1\" name=\"_wpcf7_ak_js\" value=\"99\"\/><script>document.getElementById( \"ak_js_1\" ).setAttribute( \"value\", ( new Date() ).getTime() );<\/script><\/p><div class=\"wpcf7-response-output\" aria-hidden=\"true\"><\/div>\n<\/form>\n<\/div>\n\t\t<\/div>\n\t<\/div>\n<\/div><\/div>[vc_empty_space height=&#8221;50px&#8221; el_class=&#8221;vc_hidden-xs&#8221;][\/vc_column][vc_column offset=&#8221;vc_col-lg-6&#8243; el_class=&#8221;vc_hidden-xs&#8221;][vc_empty_space height=&#8221;10px&#8221;][vc_column_text]    <span class=\"mkdf-icon-shortcode normal   mkdf-icon-tiny\"  data-color=\"#000000\">\n                    <span aria-hidden=\"true\" class=\"mkdf-icon-font-elegant icon_mail mkdf-icon-element\" style=\"color: #000000\" ><\/span>            <\/span>\n\u00a0<a href=\"mailto:hello@mdvendangeurs.com\" target=\"_blank\" rel=\"noopener noreferrer\">hello@mdvendangeurs.com<\/a><\/p>\n<p>    <span class=\"mkdf-icon-shortcode normal   mkdf-icon-tiny\"  data-color=\"#000000\">\n                    <span aria-hidden=\"true\" class=\"mkdf-icon-font-elegant icon_phone mkdf-icon-element\" style=\"color: #000000\" ><\/span>            <\/span>\n\u00a0<span style=\"color: #000000;\"><a href=\"tel:+33468903404\">+33 4 68 90 34 04<\/a><\/span>[\/vc_column_text][vc_column_text css=&#8221;.vc_custom_1540556234293{margin-bottom: -5px !important;}&#8221;]<\/p>\n<h2 class=\"mkdf-custom-font-holder followus mkdf-cf-6012\" style=\"font-family: Montserrat; font-size: 18px; color: #000000; line-height: 26px; font-weight: bold;\" data-item-class=\"mkdf-cf-6012\">Calling hours<\/h2>\n<p>[\/vc_column_text][vc_column_text]<span style=\"color: #000000;\">Mon-Sun from 7hs \u2013 23hs (CET)<\/span>[\/vc_column_text][vc_column_text]<\/p>\n<h2 class=\"mkdf-custom-font-holder followus mkdf-cf-6012\" style=\"font-family: Montserrat; font-size: 18px; color: #000000; line-height: 26px; font-weight: bold;\" data-item-class=\"mkdf-cf-6012\">Follow us<\/h2>\n<p>[\/vc_column_text][vc_column_text]    <span class=\"mkdf-icon-shortcode circle   mkdf-icon-small\" style=\"width: 40px;height: 40px;line-height: 40px\" data-hover-color=\"#bf9410\">\n                    <a itemprop=\"url\" class=\"\" href=\"https:\/\/www.facebook.com\/mdvendangeurs\" target=\"_blank\">\n                    <span aria-hidden=\"true\" class=\"mkdf-icon-font-elegant social_facebook_circle mkdf-icon-element\" style=\"\" ><\/span>                    <\/a>\n            <\/span>\n<\/p>\n<p>    <span class=\"mkdf-icon-shortcode circle   mkdf-icon-small\" style=\"width: 40px;height: 40px;line-height: 40px\" data-hover-color=\"#bf9410\">\n                    <a itemprop=\"url\" class=\"\" href=\"https:\/\/www.instagram.com\/mdvendangeurs\/\" target=\"_blank\">\n                    <span aria-hidden=\"true\" class=\"mkdf-icon-font-elegant social_instagram_circle mkdf-icon-element\" style=\"\" ><\/span>                    <\/a>\n            <\/span>\n[\/vc_column_text][vc_empty_space height=&#8221;16px&#8221;][vc_column_text]<a href=\"https:\/\/goo.gl\/maps\/pNvVx5Th62o\" target=\"_blank\" rel=\"noopener noreferrer\"><strong>MDV II<\/strong> &#8211; 15 Avenue Francois Mitterrand, Fleury, France<br \/>\n<\/a>[\/vc_column_text][vc_column_text]<a href=\"https:\/\/goo.gl\/maps\/cn5u8Ncmes12\" target=\"_blank\" rel=\"noopener noreferrer\"><strong>MDV sur Mer<\/strong> &#8211; 5 Rue des Artisans, Gruissan, France<br \/>\n<\/a>[\/vc_column_text][vc_column_text]<a href=\"https:\/\/goo.gl\/maps\/n4LfKj7kML5JfnWF8\" target=\"_blank\" rel=\"noopener noreferrer\"><strong>MDV en Ville<\/strong> &#8211; 5 Rue d&#8217;Isly, Narbonne, France<\/a>[\/vc_column_text][\/vc_column][\/vc_row][vc_row][vc_column offset=&#8221;vc_hidden-xs&#8221;][vc_empty_space height=&#8221;60px&#8221;][\/vc_column][\/vc_row][vc_row][vc_column][vc_column_text]<!-- Global site tag (gtag.js) - Google Ads: 725205010 -->\r\n<script async src=\"https:\/\/www.googletagmanager.com\/gtag\/js?id=AW-725205010\"><\/script>\r\n<script>\r\n  window.dataLayer = window.dataLayer || [];\r\n  function gtag(){dataLayer.push(arguments);}\r\n  gtag('js', new Date());\r\n\r\n  gtag('config', 'AW-725205010');\r\n<\/script>\r\n<script>\r\n jQuery(document).ready(function(){\r\n var x = 0;\r\n var myVar = setInterval(function(){\r\n   if(x == 0){\r\n     if(jQuery('div:contains(\"Merci pour votre message. Il a \u00e9t\u00e9 envoy\u00e9.\")').is(\":visible\"))\r\n     {\r\n        gtag('event', 'conversion', {'send_to': 'AW-725205010\/VulrCJCl4b0CEJKA59kC'});\r\n       clearInterval(myVar);\r\n       x = 1;\r\n     }\r\n   }\r\n }, 1000);\r\n });\r\n<\/script>[\/vc_column_text][\/vc_column][\/vc_row]<\/p>\n<\/div>","protected":false},"excerpt":{"rendered":"<p>[vc_row][vc_column][vc_empty_space height=&#8221;20px&#8221;][\/vc_column][\/vc_row][vc_row row_content_width=&#8221;grid&#8221; content_text_aligment=&#8221;center&#8221; el_class=&#8221;vc_hidden-xs&#8221;][vc_column][vc_empty_space height=&#8221;70px&#8221;][\/vc_column][\/vc_row][vc_row row_content_width=&#8221;grid&#8221; content_text_aligment=&#8221;center&#8221; el_class=&#8221;vc_hidden-lg vc_hidden-md vc_hidden-sm&#8221;][vc_column][\/vc_column][\/vc_row][vc_row][vc_column offset=&#8221;vc_hidden-xs&#8221;][vc_empty_space height=&#8221;50px&#8221;][\/vc_column][\/vc_row][vc_row row_content_width=&#8221;grid&#8221; content_text_aligment=&#8221;left&#8221;][vc_column offset=&#8221;vc_col-lg-6&#8243;][vc_empty_space height=&#8221;50px&#8221; el_class=&#8221;vc_hidden-xs&#8221;][\/vc_column][vc_column offset=&#8221;vc_col-lg-6&#8243; el_class=&#8221;vc_hidden-xs&#8221;][vc_empty_space height=&#8221;10px&#8221;][vc_column_text]\u00a0hello@mdvendangeurs.com \u00a0[\/vc_column_text][vc_column_text css=&#8221;.vc_custom_1540556234293{margin-bottom: -5px !important;}&#8221;] Calling hours [\/vc_column_text][vc_column_text][\/vc_column_text][vc_column_text] Follow us [\/vc_column_text][vc_column_text] [\/vc_column_text][vc_empty_space height=&#8221;16px&#8221;][vc_column_text]MDV II &#8211; 15 Avenue Francois Mitterrand, Fleury, [&hellip;]<\/p>\n","protected":false},"author":1,"featured_media":0,"parent":0,"menu_order":0,"comment_status":"closed","ping_status":"closed","template":"full-width.php","meta":{"footnotes":""},"class_list":["post-897","page","type-page","status-publish","hentry"],"yoast_head":"<!-- This site is optimized with the Yoast SEO Premium plugin v24.6 (Yoast SEO v26.2) - https:\/\/yoast.com\/wordpress\/plugins\/seo\/ -->\n<title>Get in touch - See you soon!<\/title>\n<meta name=\"description\" content=\"hello@mdvendangeurs.com \u2502 +33 04 48 80 04 45\" \/>\n<meta name=\"robots\" content=\"index, follow, max-snippet:-1, max-image-preview:large, max-video-preview:-1\" \/>\n<link rel=\"canonical\" href=\"https:\/\/mdvendangeurs.com\/en\/contact\/\" \/>\n<meta property=\"og:locale\" content=\"en_US\" \/>\n<meta property=\"og:type\" content=\"article\" \/>\n<meta property=\"og:title\" content=\"Get in touch - See you soon!\" \/>\n<meta property=\"og:description\" content=\"hello@mdvendangeurs.com \u2502 +33 04 48 80 04 45\" \/>\n<meta property=\"og:url\" content=\"https:\/\/mdvendangeurs.com\/en\/contact\/\" \/>\n<meta property=\"og:site_name\" content=\"La Maison des Vendangeurs\" \/>\n<meta property=\"article:publisher\" content=\"https:\/\/www.facebook.com\/mdvendangeurs\/\" \/>\n<meta property=\"article:modified_time\" content=\"2025-06-12T03:28:06+00:00\" \/>\n<meta property=\"og:image\" content=\"https:\/\/mdvendangeurs.com\/wp-content\/uploads\/yoast-contact.jpg\" \/>\n\t<meta property=\"og:image:width\" content=\"1500\" \/>\n\t<meta property=\"og:image:height\" content=\"788\" \/>\n\t<meta property=\"og:image:type\" content=\"image\/jpeg\" \/>\n<meta name=\"twitter:card\" content=\"summary_large_image\" \/>\n<meta name=\"twitter:title\" content=\"Get in touch - See you soon!\" \/>\n<meta name=\"twitter:description\" content=\"hello@mdvendangeurs.com \u2502 +33 04 48 80 04 45\" \/>\n<meta name=\"twitter:image\" content=\"https:\/\/mdvendangeurs.com\/wp-content\/uploads\/yoast-contact.jpg\" \/>\n<meta name=\"twitter:label1\" content=\"Est. reading time\" \/>\n\t<meta name=\"twitter:data1\" content=\"1 minute\" \/>\n<script type=\"application\/ld+json\" class=\"yoast-schema-graph\">{\"@context\":\"https:\/\/schema.org\",\"@graph\":[{\"@type\":\"WebPage\",\"@id\":\"https:\/\/mdvendangeurs.com\/en\/contact\/\",\"url\":\"https:\/\/mdvendangeurs.com\/en\/contact\/\",\"name\":\"Get in touch - See you soon!\",\"isPartOf\":{\"@id\":\"https:\/\/www.mdvendangeurs.com\/#website\"},\"datePublished\":\"2018-10-26T13:32:39+00:00\",\"dateModified\":\"2025-06-12T03:28:06+00:00\",\"description\":\"hello@mdvendangeurs.com \u2502 +33 04 48 80 04 45\",\"breadcrumb\":{\"@id\":\"https:\/\/mdvendangeurs.com\/en\/contact\/#breadcrumb\"},\"inLanguage\":\"en-US\",\"potentialAction\":[{\"@type\":\"ReadAction\",\"target\":[\"https:\/\/mdvendangeurs.com\/en\/contact\/\"]}]},{\"@type\":\"BreadcrumbList\",\"@id\":\"https:\/\/mdvendangeurs.com\/en\/contact\/#breadcrumb\",\"itemListElement\":[{\"@type\":\"ListItem\",\"position\":1,\"name\":\"Home\",\"item\":\"https:\/\/mdvendangeurs.com\/\"},{\"@type\":\"ListItem\",\"position\":2,\"name\":\"CONTACT\"}]},{\"@type\":\"WebSite\",\"@id\":\"https:\/\/www.mdvendangeurs.com\/#website\",\"url\":\"https:\/\/www.mdvendangeurs.com\/\",\"name\":\"La Maison des Vendangeurs\",\"description\":\"Vacation Rentals\",\"publisher\":{\"@id\":\"https:\/\/www.mdvendangeurs.com\/#organization\"},\"potentialAction\":[{\"@type\":\"SearchAction\",\"target\":{\"@type\":\"EntryPoint\",\"urlTemplate\":\"https:\/\/www.mdvendangeurs.com\/?s={search_term_string}\"},\"query-input\":{\"@type\":\"PropertyValueSpecification\",\"valueRequired\":true,\"valueName\":\"search_term_string\"}}],\"inLanguage\":\"en-US\"},{\"@type\":\"Organization\",\"@id\":\"https:\/\/www.mdvendangeurs.com\/#organization\",\"name\":\"La Maison des Vendangeurs\",\"url\":\"https:\/\/www.mdvendangeurs.com\/\",\"logo\":{\"@type\":\"ImageObject\",\"inLanguage\":\"en-US\",\"@id\":\"https:\/\/www.mdvendangeurs.com\/#\/schema\/logo\/image\/\",\"url\":\"http:\/\/mdvendangeurs.com\/wp-content\/uploads\/yoast-logo.jpg\",\"contentUrl\":\"http:\/\/mdvendangeurs.com\/wp-content\/uploads\/yoast-logo.jpg\",\"width\":1000,\"height\":1000,\"caption\":\"La Maison des Vendangeurs\"},\"image\":{\"@id\":\"https:\/\/www.mdvendangeurs.com\/#\/schema\/logo\/image\/\"},\"sameAs\":[\"https:\/\/www.facebook.com\/mdvendangeurs\/\",\"https:\/\/www.instagram.com\/mdvendangeurs\/\"]}]}<\/script>\n<!-- \/ Yoast SEO Premium plugin. -->","yoast_head_json":{"title":"Get in touch - See you soon!","description":"hello@mdvendangeurs.com \u2502 +33 04 48 80 04 45","robots":{"index":"index","follow":"follow","max-snippet":"max-snippet:-1","max-image-preview":"max-image-preview:large","max-video-preview":"max-video-preview:-1"},"canonical":"https:\/\/mdvendangeurs.com\/en\/contact\/","og_locale":"en_US","og_type":"article","og_title":"Get in touch - See you soon!","og_description":"hello@mdvendangeurs.com \u2502 +33 04 48 80 04 45","og_url":"https:\/\/mdvendangeurs.com\/en\/contact\/","og_site_name":"La Maison des Vendangeurs","article_publisher":"https:\/\/www.facebook.com\/mdvendangeurs\/","article_modified_time":"2025-06-12T03:28:06+00:00","og_image":[{"width":1500,"height":788,"url":"https:\/\/mdvendangeurs.com\/wp-content\/uploads\/yoast-contact.jpg","type":"image\/jpeg"}],"twitter_card":"summary_large_image","twitter_title":"Get in touch - See you soon!","twitter_description":"hello@mdvendangeurs.com \u2502 +33 04 48 80 04 45","twitter_image":"https:\/\/mdvendangeurs.com\/wp-content\/uploads\/yoast-contact.jpg","twitter_misc":{"Est. reading time":"1 minute"},"schema":{"@context":"https:\/\/schema.org","@graph":[{"@type":"WebPage","@id":"https:\/\/mdvendangeurs.com\/en\/contact\/","url":"https:\/\/mdvendangeurs.com\/en\/contact\/","name":"Get in touch - See you soon!","isPartOf":{"@id":"https:\/\/www.mdvendangeurs.com\/#website"},"datePublished":"2018-10-26T13:32:39+00:00","dateModified":"2025-06-12T03:28:06+00:00","description":"hello@mdvendangeurs.com \u2502 +33 04 48 80 04 45","breadcrumb":{"@id":"https:\/\/mdvendangeurs.com\/en\/contact\/#breadcrumb"},"inLanguage":"en-US","potentialAction":[{"@type":"ReadAction","target":["https:\/\/mdvendangeurs.com\/en\/contact\/"]}]},{"@type":"BreadcrumbList","@id":"https:\/\/mdvendangeurs.com\/en\/contact\/#breadcrumb","itemListElement":[{"@type":"ListItem","position":1,"name":"Home","item":"https:\/\/mdvendangeurs.com\/"},{"@type":"ListItem","position":2,"name":"CONTACT"}]},{"@type":"WebSite","@id":"https:\/\/www.mdvendangeurs.com\/#website","url":"https:\/\/www.mdvendangeurs.com\/","name":"La Maison des Vendangeurs","description":"Vacation Rentals","publisher":{"@id":"https:\/\/www.mdvendangeurs.com\/#organization"},"potentialAction":[{"@type":"SearchAction","target":{"@type":"EntryPoint","urlTemplate":"https:\/\/www.mdvendangeurs.com\/?s={search_term_string}"},"query-input":{"@type":"PropertyValueSpecification","valueRequired":true,"valueName":"search_term_string"}}],"inLanguage":"en-US"},{"@type":"Organization","@id":"https:\/\/www.mdvendangeurs.com\/#organization","name":"La Maison des Vendangeurs","url":"https:\/\/www.mdvendangeurs.com\/","logo":{"@type":"ImageObject","inLanguage":"en-US","@id":"https:\/\/www.mdvendangeurs.com\/#\/schema\/logo\/image\/","url":"http:\/\/mdvendangeurs.com\/wp-content\/uploads\/yoast-logo.jpg","contentUrl":"http:\/\/mdvendangeurs.com\/wp-content\/uploads\/yoast-logo.jpg","width":1000,"height":1000,"caption":"La Maison des Vendangeurs"},"image":{"@id":"https:\/\/www.mdvendangeurs.com\/#\/schema\/logo\/image\/"},"sameAs":["https:\/\/www.facebook.com\/mdvendangeurs\/","https:\/\/www.instagram.com\/mdvendangeurs\/"]}]}},"_links":{"self":[{"href":"https:\/\/mdvendangeurs.com\/en\/wp-json\/wp\/v2\/pages\/897","targetHints":{"allow":["GET"]}}],"collection":[{"href":"https:\/\/mdvendangeurs.com\/en\/wp-json\/wp\/v2\/pages"}],"about":[{"href":"https:\/\/mdvendangeurs.com\/en\/wp-json\/wp\/v2\/types\/page"}],"author":[{"embeddable":true,"href":"https:\/\/mdvendangeurs.com\/en\/wp-json\/wp\/v2\/users\/1"}],"replies":[{"embeddable":true,"href":"https:\/\/mdvendangeurs.com\/en\/wp-json\/wp\/v2\/comments?post=897"}],"version-history":[{"count":2,"href":"https:\/\/mdvendangeurs.com\/en\/wp-json\/wp\/v2\/pages\/897\/revisions"}],"predecessor-version":[{"id":4395,"href":"https:\/\/mdvendangeurs.com\/en\/wp-json\/wp\/v2\/pages\/897\/revisions\/4395"}],"wp:attachment":[{"href":"https:\/\/mdvendangeurs.com\/en\/wp-json\/wp\/v2\/media?parent=897"}],"curies":[{"name":"wp","href":"https:\/\/api.w.org\/{rel}","templated":true}]}}